{"id":1043,"date":"2019-04-24T13:34:33","date_gmt":"2019-04-24T13:34:33","guid":{"rendered":"http:\/\/desarrollo5.lovelybranddesign.com\/?page_id=1043"},"modified":"2019-05-15T07:35:21","modified_gmt":"2019-05-15T07:35:21","slug":"info-cookies","status":"publish","type":"page","link":"https:\/\/rosattirealestate.es\/en\/info-cookies\/","title":{"rendered":"Cookies"},"content":{"rendered":"<p>[et_pb_section fb_built=&#8221;1&#8243; _builder_version=&#8221;3.22.3&#8243;][et_pb_row _builder_version=&#8221;3.22.3&#8243; background_size=&#8221;initial&#8221; background_position=&#8221;top_left&#8221; background_repeat=&#8221;repeat&#8221;][et_pb_column type=&#8221;4_4&#8243; _builder_version=&#8221;3.0.47&#8243;][et_pb_text _builder_version=&#8221;3.22.7&#8243; background_size=&#8221;initial&#8221; background_position=&#8221;top_left&#8221; background_repeat=&#8221;repeat&#8221;]<\/p>\n<p><strong>COOKIES POLICY<\/strong><\/p>\n<p> In accordance with the provisions of Law 34\/2002 on Services of the Company of the<br \/> Information, the User is informed that the website www.rosattirealestate.es<br \/> property of MARIA SOLEDAD ROSATTI RIQUE (hereinafter &#8220;Lender&#8221;) uses<br \/> cookies. Cookies are small text files that the website that the user visits<br \/> Store on your computer or device.<\/p>\n<p>(i) Own cookies: are those that are sent to the user&#8217;s terminal equipment from a<br \/> team or domain managed by the publisher and from which the service is provided<br \/> requested by the user.<\/p>\n<p>Session Cookies: Necessary for the correct use of the website, navigation of<br \/> uninterrupted way remembering language or country options. They are used to<br \/> identify the<br \/> same temporary session of a user or browsing session.<br \/> Technical Cookies: Store generic and anonymous information that does not include<br \/> data of<br \/> personal character whose objective is to guarantee the operation of the web.<br \/> Registration: They are created with the registration of a user (log-in). They are used to<br \/> identify the<br \/> user once has authenticated within the Websites.<br \/> Third-party cookies: the website may contain third-party cookies aimed at offering<br \/> a better service that these third parties offer. An example of this use are the links to<br \/> social networks that allow sharing the content of the website.<\/p>\n<p>Analytical cookies: are those that, treated by Provider or by third parties, allow<br \/> quantify the number of visitors and statistically analyze the use made by<br \/> users of the web portal. The information collected through this type of cookies is used<br \/> in<br \/> the measurement of the activity of the Website and for the preparation of navigation<br \/> profiles<br \/> anonymized users, in order to introduce improvements based on the analysis of the<br \/> Usage data that service users do:<br \/> \uf0b7 Google Analytics: https:\/\/www.google.com\/policies\/privacy\/<br \/> \uf0b7 WordPress<br \/> Stats: https:\/\/en.support.wordpress.com\/stats\/, https:\/\/automattic.com\/privacy\/<br \/> Advertising cookies: are those that allow management, in the most effective way<br \/> possible, of the advertising spaces that, if any, the editor has included in the Website<br \/> from which it provides the requested service based on criteria such as the edited<br \/> content or the<br \/> Frequency at which ads show:<br \/> \uf0b7 DoubleClick by Google: Google Advertising Cookies used to study the<br \/> audience, obtaining information about their browsing, collecting data in a<br \/> anonymous that allow to offer advertising based on navigation<br \/> done: https:\/\/support.google.com\/adsense\/answer\/2839090?hl=en<br \/> \uf0b7 Social network cookies:<\/p>\n<p>\uf0b7 Gravatar: The Gravatar is an image of the user that follows him from website to<br \/> website,<br \/> appearing next to your name when you perform actions such as commenting on a blog<br \/> or<br \/> when the user logs in as a registered user (log in) on the Website. He<br \/> store cookies to manage the icons related to the profiles and users of that<br \/> service: https:\/\/automattic.com\/privacy\/<\/p>\n<p>External social network cookies: used to allow visitors to<br \/> interact with the content of different social platforms (Facebook, YouTube,<br \/> Twitter, LinkedIn, Instagram, etc.) and that are generated only for the users of said<br \/> social networks. The conditions of use of these cookies and the information collected<br \/> are<br \/> regulated by the privacy policy of the corresponding social platform.<br \/> \uf0b7 https:\/\/www.facebook.com\/help\/cookies\/<br \/> \uf0b7 https:\/\/www.google.com\/intl\/es_es\/policies\/technologies\/types\/<br \/> \uf0b7 https:\/\/support.twitter.com\/articles\/20170521-the-use-what-hace-twitter-of-<br \/> cookies-y-<br \/> similar technologies<br \/> \uf0b7 https:\/\/www.instagram.com\/legal\/cookies\/<br \/> \uf0b7 https:\/\/about.pinterest.com\/cookies-pinterest<br \/> \uf0b7 https:\/\/www.linkedin.com\/legal\/privacy-policy?_l=en_US<\/p>\n<p>In the event that the User wants to modify the cookie settings of his browser,<br \/> You can do it by configuring the options of it. The User may<br \/> find information on how to modify the cookie policies of the different<br \/> browsers in the following spaces:<br \/> In the event that the User wants to modify the cookie settings of his browser,<br \/> You can do it by configuring the options of it. The User may<br \/> find information on how to modify the cookie policies of the different<br \/> browsers in the following spaces:<\/p>\n<p>If you use Microsoft Internet Explorer: https:\/\/support.microsoft.com\/es-<br \/> en \/ help \/ 17442 \/ windows-internet-explorer-delete-manage-cookies<br \/> If you use Firefox: http:\/\/support.mozilla.org\/es\/kb\/habilitar-y-deshabilitar-cookies-<br \/> que-the-sites-we<br \/> If you use Safari:<br \/> https:\/\/support.apple.com\/kb\/PH19214?viewlocale=en_US&amp;locale=en_US<br \/> If you use Google Chrome:<br \/> \u00a0http:\/\/support.google.com\/chrome\/bin\/answer.py?hl=en&amp;answer=95647<\/p>\n<p>There are third-party tools, available online, that allow users to detect<br \/> the cookies on each website you visit and manage their deactivation. Web browsers<br \/> are the tools responsible for storing cookies and from this place the user<\/p>\n<p>You can exercise your right to eliminate or deactivate them. Neither this website nor<br \/> its legal representatives can guarantee the correct or incorrect manipulation of the<br \/> cookies by the aforementioned browsers. The user is informed that if he does not<br \/> want that websites put any cookies on your computer, you can adapt the configuration<br \/> of the browser so that you are notified before any cookies are placed. Of equal<br \/> mode, you can adapt the configuration so that the browser rejects all cookies,<br \/> or only third-party cookies. In case you are with this type of cookies<br \/> on this website and are not listed in the above list, please do not hesitate<br \/> communicate The acceptance of this cookie policy implies that the user has been<br \/> informed of<br \/> a clear and complete way about the use of storage and recovery devices<br \/> of data (cookies) as well as that the Provider has the user&#8217;s consent for the<br \/> use of them as established by the regulations. In case you have any questions<br \/> about the cookie policy of the w.ebsite, the User can contact:<br \/> info@rosattirealestate.es<br \/> In the case of wanting to know more about what cookies consist of, in this link<br \/> You can access the cookie guide edited by the Spanish Agency for the Protection of<br \/> Data:<br \/> http:\/\/www.agpd.es\/portalwebAGPD\/canaldocumentacion\/publicaciones\/common<br \/> \/Guides\/Guia_Cookies.pdf<\/p>\n<p>Date of last update: May 10, 2018.<\/p>\n<p>[\/et_pb_text][\/et_pb_column][\/et_pb_row][\/et_pb_section]<\/p>\n","protected":false},"excerpt":{"rendered":"<p>[et_pb_section fb_built=&#8221;1&#8243; _builder_version=&#8221;3.22.3&#8243;][et_pb_row _builder_version=&#8221;3.22.3&#8243; background_size=&#8221;initial&#8221; background_position=&#8221;top_left&#8221; background_repeat=&#8221;repeat&#8221;][et_pb_column type=&#8221;4_4&#8243; _builder_version=&#8221;3.0.47&#8243;][et_pb_text _builder_version=&#8221;3.22.7&#8243; background_size=&#8221;initial&#8221; background_position=&#8221;top_left&#8221; background_repeat=&#8221;repeat&#8221;] COOKIES POLICY In accordance with the provisions of Law 34\/2002 on Services of the Company of the Information, the User is informed that the website www.rosattirealestate.es property of MARIA SOLEDAD ROSATTI RIQUE (hereinafter &#8220;Lender&#8221;) uses cookies. Cookies are small text files that [&hellip;]<\/p>\n","protected":false},"author":2,"featured_media":0,"parent":0,"menu_order":0,"comment_status":"closed","ping_status":"closed","template":"","meta":{"_et_pb_use_builder":"on","_et_pb_old_content":"<!-- wp:paragraph -->\n<p>POL\u00cdTICA DE COOKIES<\/p>\n<!-- \/wp:paragraph -->\n\n<!-- wp:paragraph -->\n<p>De conformidad con lo establecido en la Ley 34\/2002 de Servicios de la Sociedad de la<br>\nInformaci\u00f3n, se pone en conocimiento del Usuario que el sitio web&nbsp;www.rosattirealestate.es<br>\npropiedad de&nbsp;MARIA SOLEDAD ROSATTI RIQUE (en adelante \u201cPrestador\u201d) utiliza<br>\ncookies. Las cookies son peque\u00f1os archivos de texto que el sitio web que el usuario visita<br>\nalmacena en su ordenador o dispositivo.<br>\n&nbsp;<br>\n(i) Cookies propias:&nbsp;son aqu\u00e9llas que se env\u00edan al equipo terminal del usuario desde un<br>\nequipo o dominio gestionado por el propio editor y desde el que se presta el servicio<br>\nsolicitado por el usuario.<br>\n&nbsp;<\/p>\n<!-- \/wp:paragraph -->\n\n<!-- wp:list {\"ordered\":true} -->\n<ol><li>Cookies de sesi\u00f3n:&nbsp;Necesarias para el correcto uso de la p\u00e1gina web, la navegaci\u00f3n de<br>\nforma ininterrumpida recordando opciones de idioma o pa\u00eds. Se utilizan para identificar la<br>\nmisma sesi\u00f3n temporal de un usuario o sesi\u00f3n de navegaci\u00f3n.<\/li><li>Cookies T\u00e9cnicas:&nbsp;Almacenan informaci\u00f3n gen\u00e9rica y an\u00f3nima que no incluye datos de<br>\ncar\u00e1cter personal cuyo objetivo es garantizar el funcionamiento de la web.<\/li><li>De registro:&nbsp;Se crean con el registro de un usuario (log-in). Se utilizan para identificar al<br>\nusuario una vez se ha autenticado dentro de los Sitios Web.<br>\n&nbsp;<\/li><li>Cookies de terceros:&nbsp;el sitio web puede contener cookies de terceros orientadas a ofrecer<br>\nun mejor servicio que estos terceros ofrecen. Un ejemplo de este uso son los enlaces a las<br>\nredes sociales que permiten compartir el contenido del sitio web.<br>\n&nbsp;<\/li><li>Cookies anal\u00edticas:&nbsp;son aquellas que, tratadas por Prestador o por terceros, permiten<br>\ncuantificar el n\u00famero de visitantes y analizar estad\u00edsticamente la utilizaci\u00f3n que hacen los<br>\nusuarios del portal web. La informaci\u00f3n recogida mediante este tipo de cookies se utiliza en<br>\nla medici\u00f3n de la actividad del Sitio Web y para la elaboraci\u00f3n de perfiles de navegaci\u00f3n<br>\nanonimizados de los usuarios, con el fin de introducir mejoras en funci\u00f3n del an\u00e1lisis de los<br>\ndatos de uso que hacen los usuarios del servicio:<br>\n\uf0b7 Google Analitycs:&nbsp;https:\/\/www.google.com\/policies\/privacy\/<br>\n\uf0b7 WordPress<br>\nStats:&nbsp;https:\/\/en.support.wordpress.com\/stats\/&nbsp;,&nbsp;https:\/\/automattic.com\/privacy\/<br>\n&nbsp;<\/li><li>Cookies publicitarias:&nbsp;Son aqu\u00e9llas que permiten la gesti\u00f3n, de la forma m\u00e1s eficaz<br>\nposible, de los espacios publicitarios que, en su caso, el editor haya incluido en el Sitio Web<br>\ndesde la que presta el servicio solicitado en base a criterios como el contenido editado o la<br>\nfrecuencia en la que se muestran los anuncios:<\/li><\/ol>\n<!-- \/wp:list -->\n\n<!-- wp:paragraph -->\n<p>\uf0b7 DoubleClick by Google: Cookies Publicitarias de Google que se usan para el estudio de la<br>\naudiencia, obteniendo informaci\u00f3n sobre su navegaci\u00f3n, recopilando datos de manera<br>\nan\u00f3nima que permiten ofrecer publicidad basada en la navegaci\u00f3n<br>\nrealizada:&nbsp;https:\/\/support.google.com\/adsense\/answer\/2839090?hl=es<br>\n&nbsp;<br>\n&nbsp;<br>\n\uf0b7 Cookies de redes sociales:<br>\n&nbsp;<br>\n\uf0b7 Gravatar: El Gravatar es una imagen del usuario que le sigue de sitio web a sitio web,<br>\napareciendo junto a su nombre cuando realiza acciones como comentar en un blog o<br>\ncuando el usuario inicia sesi\u00f3n como usuario registrado (log in) en el Sitio Web. Se<br>\nalmacenan cookies para gestionar los iconos relacionados con los perfiles y usuarios de ese<br>\nservicio:&nbsp;https:\/\/automattic.com\/privacy\/<br>\n&nbsp;<\/p>\n<!-- \/wp:paragraph -->\n\n<!-- wp:list {\"ordered\":true} -->\n<ol><li>Cookies de redes sociales externas:&nbsp;se utilizan para que los visitantes puedan<br>\ninteractuar con el contenido de diferentes plataformas sociales (Facebook, YouTube,<br>\nTwitter, LinkedIn, Instagram, etc.) y que se generan \u00fanicamente para los usuarios de dichas<br>\nredes sociales. Las condiciones de utilizaci\u00f3n de estas cookies y la informaci\u00f3n recopilada se<br>\nregulan por la pol\u00edtica de privacidad de la plataforma social correspondiente.<br>\n\uf0b7 https:\/\/www.facebook.com\/help\/cookies\/&nbsp;&nbsp;<br>\n\uf0b7 https:\/\/www.google.com\/intl\/es_es\/policies\/technologies\/types\/<br>\n\uf0b7 https:\/\/support.twitter.com\/articles\/20170521-el-uso-que-hace-twitter-de-cookies-y-<br>\ntecnologias-similares#<br>\n\uf0b7 https:\/\/www.instagram.com\/legal\/cookies\/<br>\n\uf0b7 https:\/\/about.pinterest.com\/es\/cookies-pinterest&nbsp;&nbsp;<br>\n\uf0b7 https:\/\/www.linkedin.com\/legal\/privacy-policy?_l=es_ES<br>\n&nbsp;<br>\nEn el caso que el Usuario quiera modificar la configuraci\u00f3n de cookies de su navegador,<br>\npuede hacerlo mediante la configuraci\u00f3n de las opciones del mismo. El Usuario podr\u00e1<br>\nencontrar informaci\u00f3n sobre c\u00f3mo modificar las pol\u00edticas de cookies de los distintos<br>\nnavegadores en los siguientes espacios:<br>\n&nbsp;<\/li><li>Si utiliza Microsoft Internet Explorer:&nbsp;https:\/\/support.microsoft.com\/es-<br>\nes\/help\/17442\/windows-internet-explorer-delete-manage-cookies&nbsp;&nbsp;&nbsp;&nbsp;<\/li><li>Si utiliza Firefox:&nbsp;http:\/\/support.mozilla.org\/es\/kb\/habilitar-y-deshabilitar-cookies-que-<br>\nlos-sitios-we&nbsp;&nbsp;<\/li><li>Si utiliza Safari:&nbsp;https:\/\/support.apple.com\/kb\/PH19214?viewlocale=es_ES&amp;locale=es_ES<\/li><li>Si utiliza Google Chrome:<br>\n&nbsp;http:\/\/support.google.com\/chrome\/bin\/answer.py?hl=es&amp;answer=95647&nbsp;&nbsp;&nbsp;<br>\n&nbsp;<\/li><\/ol>\n<!-- \/wp:list -->\n\n<!-- wp:paragraph -->\n<p>Existen herramientas de terceros, disponibles on line, que permiten a los usuarios detectar<br>\nlas cookies en cada sitio web que visita y gestionar su desactivaci\u00f3n. Los navegadores web<br>\nson las herramientas encargadas de almacenar las cookies y desde este lugar el usuario<br>\npuede ejercitar su derecho a eliminaci\u00f3n o desactivaci\u00f3n de las mismas. Ni esta web ni sus<br>\nrepresentantes legales pueden garantizar la correcta o incorrecta manipulaci\u00f3n de las<br>\ncookies por parte de los mencionados navegadores. Se informa al usuario que si no desea<br>\nque los sitios web pongan ninguna cookie en su equipo, puede adaptar la configuraci\u00f3n del<br>\nnavegador de modo que se le notifique antes de que se coloque ninguna cookie. De igual<br>\nmodo, puede adaptar la configuraci\u00f3n de forma que el navegador rechace todas las cookies,<br>\no \u00fanicamente las cookies de terceros.&nbsp;En caso de que se encuentre con este tipo de cookies<br>\nen este sitio web y no est\u00e9n enumeradas en la lista anterior, le rogamos que nos lo<br>\ncomunique.<br>\n&nbsp;<br>\nLa aceptaci\u00f3n de la presente pol\u00edtica de cookies implica que el usuario ha sido informado de<br>\nuna forma clara y completa sobre el uso de dispositivos de almacenamiento y recuperaci\u00f3n<br>\nde datos (cookies) as\u00ed como que el Prestador dispone del consentimiento del usuario para el<br>\nuso de las mismas tal y como establece la normativa. En el caso de que tenga alguna duda<br>\nsobre la pol\u00edtica de cookies del sitio web, el Usuario puede dirigirse a:<br>\nhola@florcalveiro.com..<br>\nEn el supuesto de querer conocer con m\u00e1s detalles en qu\u00e9 consisten las cookies, en este link<br>\nse puede acceder a la gu\u00eda de cookies editada por la Agencia Espa\u00f1ola de Protecci\u00f3n de<br>\nDatos.:&nbsp;http:\/\/www.agpd.es\/portalwebAGPD\/canaldocumentacion\/publicaciones\/common<br>\n\/Guias\/Guia_Cookies.pdf<br>\n&nbsp;<br>\nFecha de la ultima actualizaci\u00f3n: 10 de mayo de 2018.<\/p>\n<!-- \/wp:paragraph -->","_et_gb_content_width":"","footnotes":""},"_links":{"self":[{"href":"https:\/\/rosattirealestate.es\/en\/wp-json\/wp\/v2\/pages\/1043"}],"collection":[{"href":"https:\/\/rosattirealestate.es\/en\/wp-json\/wp\/v2\/pages"}],"about":[{"href":"https:\/\/rosattirealestate.es\/en\/wp-json\/wp\/v2\/types\/page"}],"author":[{"embeddable":true,"href":"https:\/\/rosattirealestate.es\/en\/wp-json\/wp\/v2\/users\/2"}],"replies":[{"embeddable":true,"href":"https:\/\/rosattirealestate.es\/en\/wp-json\/wp\/v2\/comments?post=1043"}],"version-history":[{"count":2,"href":"https:\/\/rosattirealestate.es\/en\/wp-json\/wp\/v2\/pages\/1043\/revisions"}],"predecessor-version":[{"id":1188,"href":"https:\/\/rosattirealestate.es\/en\/wp-json\/wp\/v2\/pages\/1043\/revisions\/1188"}],"wp:attachment":[{"href":"https:\/\/rosattirealestate.es\/en\/wp-json\/wp\/v2\/media?parent=1043"}],"curies":[{"name":"wp","href":"https:\/\/api.w.org\/{rel}","templated":true}]}}