{"id":884,"date":"2019-04-15T14:11:09","date_gmt":"2019-04-15T14:11:09","guid":{"rendered":"http:\/\/desarrollo5.lovelybranddesign.com\/?page_id=884"},"modified":"2019-05-15T07:32:21","modified_gmt":"2019-05-15T07:32:21","slug":"cookies","status":"publish","type":"page","link":"https:\/\/rosattirealestate.es\/en\/cookies\/","title":{"rendered":"Privacy Policy"},"content":{"rendered":"\n[et_pb_section fb_built=&#8221;1&#8243; _builder_version=&#8221;3.22.3&#8243;][et_pb_row _builder_version=&#8221;3.22.3&#8243; background_size=&#8221;initial&#8221; background_position=&#8221;top_left&#8221; background_repeat=&#8221;repeat&#8221;][et_pb_column type=&#8221;4_4&#8243; _builder_version=&#8221;3.0.47&#8243;][et_pb_text _builder_version=&#8221;3.0.74&#8243; background_size=&#8221;initial&#8221; background_position=&#8221;top_left&#8221; background_repeat=&#8221;repeat&#8221;]<!-- divi:paragraph -->\n<p><strong>Privacy Policy<\/strong><\/p>\n<p>In compliance with current regulations on the protection of personal data, Regulation<br \/>(EU) 2016\/679 of April 27, 2016 (RGPD), on the protection of natural persons with<br \/>regard to the processing of personal data and the free circulation of these data,<br \/>Soledad Rosatti Riqu\u00e9 (hereinafter the &amp;quot;Provider&amp;quot;) with DNI number 46435048A and<br \/>with address to these effects in Arag\u00f3 187 2\u00ba (08011) Barcelona, \u200b\u200bis the owner of the<br \/>website www.rosattirealestate.es (hereinafter, &amp;quot;the website&amp;quot;) and complies with said<br \/>regulations.<\/p>\n<p>The User is solely responsible for the veracity and correctness of the data sent to the<br \/>Provider, exonerating the Provider of any responsibility to the respect.<br \/>The Provider informs that the data that the User is voluntarily providing will be<br \/>incorporated into their information systems with the following purpose:<br \/>In case of contracting the goods and \/ or services offered through the Website, to<br \/>maintain the contractual relationship, as well as the management, administration,<br \/>information, provision and improvement of the service offered;<br \/>In the case of requesting information through the forms of the website, to send<br \/>information about the query made; In the case of subscription, to send bulletins (newsletters), as well as commercial<br \/>communications of promotions and \/ or advertising of the Website.<br \/>The User can oppose the sending of commercial communications by any means and at<br \/>any time, by sending an email to the email address indicated below.<br \/>By entering the data, the User grants unequivocal consent to the Provider, declaring to<br \/>have been informed of the conditions on protection of personal data, accepting and<br \/>consenting to the automated processing thereof, so that it may proceed with the<br \/>processing of the data provided. for the purposes mentioned. Failure to provide the<br \/>requested personal data or failure to accept this data protection policy means that it is<br \/>impossible to subscribe, register or receive information about the Provider&amp;#39;s products<br \/>and services.<\/p>\n<p><br \/>The Provider informs that it will not transfer the personal data to third parties, except<br \/>for legal obligation. However, in the case of being transferred to a third party, prior<br \/>information would be obtained requesting the express consent for such assignment.<br \/>The entity responsible for the database, hosting, as well as those involved in any phase<br \/>of the treatment and \/ or the entities to which they have been notified, are obliged to<br \/>observe professional secrecy and the adoption of the levels of protection and<br \/>necessary technical and organizational measures at your disposal to guarantee the<br \/>security of personal data. As the treatment managers, the Provider has contracted the<br \/>following service providers, who have committed themselves to compliance with the<br \/>applicable regulations regarding data protection, when they are hired:<br \/>1 &amp;amp; 1 Internet Spain, S.L.U., with CIF B-85049435, Apartado de Correos 40.143 &#8211; 28080<br \/>Madrid, which provides web hosting services (hosting). Privacy policy and other legal<br \/>aspects of said company in the following link: https:\/\/www.1and1.es\/terms-<br \/>gtc\/fileadmin\/Terms\/PDF_ES\/2018_01_EN_Politica_de_privacidad.pdf<br \/>Google LLC, with address at 1600 Amphitheater Parkway, 94043, Mountain View<br \/>(California), United States, which provides GSuite services, consisting of cloud<br \/>computing and email services. Privacy policy and other legal aspects of said company<br \/>in the following link: https:\/\/www.google.com\/intl\/es\/policies\/privacy\/<\/p>\n<p>Google participates and has certified its compliance with the framework of the<br \/>agreement between the US. and the European Union called Privacy Shield, having<br \/>undertaken to submit all personal information received from member countries of the<br \/>European Union to the principles derived from the Privacy Shield. Adhesion of Google<br \/>to Privacy Shield:<br \/>https:\/\/www.privacyshield.gov\/participant?id=a2zt000000001L5AAI&amp;amp;status=Active<br \/>More information about the Privacy Shield on the website of the US Department of<br \/>Commerce: <a href=\"https:\/\/www.privacyshield.gov\/welcome\">https:\/\/www.privacyshield.gov\/welcome<\/a><\/p>\n<p><br \/>The Provider guarantees in any case to the User the exercise of the rights of access,<br \/>rectification, cancellation, information and opposition, limitation and portability, in the<br \/>terms provided in the current legislation. Therefore, you can exercise your rights by<br \/>sending an express request at the address mentioned in the header and \/ or by<br \/>sending an email to info@rosattirealestate.es, indicating in the subject: ARCO Rights,<br \/>and attaching a photocopy of your ID. In turn, the User has the right to withdraw the<br \/>consent given at any time. The withdrawal of consent will not affect the lawfulness of<br \/>the treatment carried out before the withdrawal of consent. You also have the right to<br \/>file a claim with the supervisory authority if you believe that your rights may have<br \/>been violated in relation to the protection of your data before the Spanish Agency for<br \/>Data Protection (AEPD), at Jorge Juan Street, 6, 28001 -Madrid or through the<br \/>electronic headquarters of the AEPD: https:\/\/sedeagpd.gob.es\/sede-electronica-web\/.<br \/>The data provided by the User, will be kept as long as there is a mutual interest to<br \/>maintain the end of the treatment and during the period by which they could derive<br \/>legal responsibilities for the services provided. When it is no longer necessary for this<br \/>purpose, they will be eliminated with adequate security measures to guarantee the<br \/>pseudonymization of the data or the total destruction of the same. The Provider<br \/>reserves the right to modify this policy to adapt it to legislative or jurisprudential<br \/>developments.<\/p>\n<p><br \/>The User, for any aspect related to this privacy policy, can contact the Provider at the<br \/>email address: info@rosattirealestate.es.<br \/>Barcelona, \u200b\u200bApril 01, 2019<\/p>\n<!-- \/divi:paragraph -->[\/et_pb_text][\/et_pb_column][\/et_pb_row][\/et_pb_section]\n","protected":false},"excerpt":{"rendered":"","protected":false},"author":2,"featured_media":0,"parent":0,"menu_order":0,"comment_status":"closed","ping_status":"closed","template":"","meta":{"_et_pb_use_builder":"on","_et_pb_old_content":"<!-- wp:paragraph -->\n<p><strong>Pol\u00edtica de Privacidad<\/strong><\/p>\n<!-- \/wp:paragraph -->\n\n<!-- wp:paragraph -->\n<p>En cumplimiento de la normativa vigente en materia de protecci\u00f3n de datos personales, el Reglamento (UE) 2016\/679 de 27 de abril de 2016 (RGPD), relativo a la protecci\u00f3n de las personas f\u00edsicas en cuanto al tratamiento de datos personales y a la libre circulaci\u00f3n de estos datos, Soledad Rosatti Riqu\u00e9 (en adelante el \u201cPrestador\u201d) con D.N.I. n\u00famero 46435048A y con domicilio a estos efectos en Arag\u00f3 187 2\u00ba (08011) Barcelona, es el titular del sitio web www.rosattirealestate.es (en adelante, \u201cel sitio web\u201d) y cumple con dicha normativa.<\/p>\n<!-- \/wp:paragraph -->\n\n<!-- wp:paragraph -->\n<p>El Usuario es el \u00fanico responsable de la veracidad y correcci\u00f3n de los datos que remita al Prestador, exonerando al Prestador de cualquier responsabilidad al respeto.<\/p>\n<!-- \/wp:paragraph -->\n\n<!-- wp:paragraph -->\n<p>El Prestador informa que los datos que el Usuario voluntariamente est\u00e1 facilitando ser\u00e1n incorporados a sus sistemas de informaci\u00f3n con la siguiente finalidad:<\/p>\n<!-- \/wp:paragraph -->\n\n<!-- wp:paragraph -->\n<p>En caso de contrataci\u00f3n de los bienes y\/o servicios ofertados a trav\u00e9s del Sitio Web, para mantener la relaci\u00f3n contractual, as\u00ed como la gesti\u00f3n, administraci\u00f3n, informaci\u00f3n, prestaci\u00f3n y mejora del servicio ofrecido;<\/p>\n<!-- \/wp:paragraph -->\n\n<!-- wp:paragraph -->\n<p>En el caso de solicitud de informaci\u00f3n mediante los formularios del sitio web, para enviar informaci\u00f3n sobre la consulta realizada;<\/p>\n<!-- \/wp:paragraph -->\n\n<!-- wp:paragraph -->\n<p>En el caso de suscripci\u00f3n, para remitir boletines (<em>newsletters)<\/em>, as\u00ed como comunicaciones comerciales de promociones y\/o publicidad del Sitio Web.<\/p>\n<!-- \/wp:paragraph -->\n\n<!-- wp:paragraph -->\n<p>El Usuario, puede oponerse al env\u00edo de comunicaciones comerciales por cualquier v\u00eda y en cualquier momento, remitiendo un correo electr\u00f3nico a la direcci\u00f3n de correo electr\u00f3nico indicada m\u00e1s adelante.<\/p>\n<!-- \/wp:paragraph -->\n\n<!-- wp:paragraph -->\n<p>Mediante la introducci\u00f3n de los datos, el Usuario otorga el consentimiento inequ\u00edvoco al Prestador, declarando haber sido informado de las condiciones sobre protecci\u00f3n de datos de car\u00e1cter personal, aceptando y consintiendo el tratamiento automatizado de los mismos, para que proceda al tratamiento de los datos facilitados en pro de las finalidades mencionadas. El no facilitar los datos personales solicitados o el no aceptar la presente pol\u00edtica de protecci\u00f3n de datos supone la imposibilidad de subscribirse, registrarse o recibir informaci\u00f3n de los productos y servicios del Prestador.<\/p>\n<!-- \/wp:paragraph -->\n\n<!-- wp:paragraph -->\n<p>El Prestador informa que no ceder\u00e1 los datos personales a terceros, excepto por obligaci\u00f3n legal. Sin embargo, en el caso de ser cedidos a alg\u00fan tercero se producir\u00eda una informaci\u00f3n previa solicitando el consentimiento expreso para tal cesi\u00f3n. La entidad responsable de la base de datos, hosting, as\u00ed como los que intervengan en cualquier fase del tratamiento y\/o las entidades a quienes se los haya comunicado, est\u00e1n obligadas a observar el secreto profesional y a la adopci\u00f3n de los niveles de protecci\u00f3n y las medidas t\u00e9cnicas y organizativas necesarias a su alcance para garantizar la seguridad de los datos de car\u00e1cter personal. Como encargados de tratamiento, el Prestador tiene contratados los siguientes proveedores de servicios, que se han comprometido al cumplimiento de las disposiciones normativas de aplicaci\u00f3n en materia de protecci\u00f3n de datos, en el momento de su contrataci\u00f3n:<\/p>\n<!-- \/wp:paragraph -->\n\n<!-- wp:paragraph -->\n<p>1&amp;1 Internet Espa\u00f1a, S.L.U., con CIF B-85049435, Apartado de Correos 40.143 \u2013 28080 Madrid, que proporciona los servicios de alojamiento web (hosting). Pol\u00edtica de privacidad y dem\u00e1s aspectos legales de dicha compa\u00f1\u00eda en el siguiente enlace:&nbsp;<a href=\"https:\/\/www.1and1.es\/terms-gtc\/fileadmin\/Terms\/PDF_ES\/2018_01_ES_Politica_de_privacidad.pdf\">https:\/\/www.1and1.es\/terms-gtc\/fileadmin\/Terms\/PDF_ES\/2018_01_ES_Politica_de_privacidad.pdf<\/a><\/p>\n<!-- \/wp:paragraph -->\n\n<!-- wp:paragraph -->\n<p>Google LLC, con domicilio en 1600 Amphitheatre Parkway, 94043, Mountain View (California), Estados Unidos, que presta los servicios de GSuite, consistentes en servicios de computaci\u00f3n en la nube y de correo electr\u00f3nico. Pol\u00edtica de privacidad y dem\u00e1s aspectos legales de dicha compa\u00f1\u00eda en el siguiente enlace:&nbsp;<a href=\"https:\/\/www.google.com\/intl\/es\/policies\/privacy\/\">https:\/\/www.google.com\/intl\/es\/policies\/privacy\/<\/a><\/p>\n<!-- \/wp:paragraph -->\n\n<!-- wp:paragraph -->\n<p>Google participa y ha certificado su cumplimiento con el marco del acuerdo entre EE.UU. y la Uni\u00f3n Europea denominado Privacy Shield, habi\u00e9ndose comprometido a someter toda la informaci\u00f3n personal recibida de pa\u00edses miembros de la Uni\u00f3n Europea a los principios derivados del Privacy Shield. Adhesi\u00f3n de Google al Privacy Shield:&nbsp;<a href=\"https:\/\/www.privacyshield.gov\/participant?id=a2zt000000001L5AAI&amp;status=Active\">https:\/\/www.privacyshield.gov\/participant?id=a2zt000000001L5AAI&amp;status=Active<\/a><\/p>\n<!-- \/wp:paragraph -->\n\n<!-- wp:paragraph -->\n<p>M\u00e1s informaci\u00f3n acerca del Privacy Shield en la web del Departamento de Comercio de los EE.UU.:&nbsp;<a href=\"https:\/\/www.privacyshield.gov\/welcome\">https:\/\/www.privacyshield.gov\/welcome<\/a><\/p>\n<!-- \/wp:paragraph -->\n\n<!-- wp:paragraph -->\n<p>El Prestador garantiza en todo caso al Usuario el ejercicio de los derechos de acceso, rectificaci\u00f3n, cancelaci\u00f3n, informaci\u00f3n y oposici\u00f3n, limitaci\u00f3n y portabilidad, en los t\u00e9rminos dispuestos en la legislaci\u00f3n vigente. Por ello, podr\u00e1 ejercer sus derechos remitiendo una solicitud expresa en la direcci\u00f3n mencionada en el encabezado y\/o enviando un correo electr\u00f3nico a info@rosattirealestate.es., indicando en el asunto: Derechos ARCO, y adjuntando fotocopia de su DNI. A su vez, el Usuario, tiene derecho a retirar el consentimiento prestado en cualquier momento. La retirada del consentimiento no afectar\u00e1 a la licitud del tratamiento efectuado antes de la retirada del consentimiento. Tambi\u00e9n tiene derecho a presentar una reclamaci\u00f3n ante la autoridad de control si considera que pueden haberse visto vulnerados sus derechos en relaci\u00f3n a la protecci\u00f3n de sus datos ante la Agencia Espa\u00f1ola de Protecci\u00f3n de Datos (AEPD), en la calle Jorge Juan, 6, 28001-Madrid o a trav\u00e9s de la sede electr\u00f3nica de la AEPD:&nbsp;<a href=\"https:\/\/sedeagpd.gob.es\/sede-electronica-web\/\">https:\/\/sedeagpd.gob.es\/sede-electronica-web\/<\/a>.<\/p>\n<!-- \/wp:paragraph -->\n\n<!-- wp:paragraph -->\n<p>Los datos facilitados por el Usuario, se conservar\u00e1n mientras haya un inter\u00e9s mutuo para mantener el fin del tratamiento y durante el plazo por el cu\u00e1l pudieran derivase responsabilidades legales por los servicios prestados. Cuando ya no sea necesario para tal fin, se suprimir\u00e1n con medidas de seguridad adecuadas para garantizar la seudonimizaci\u00f3n de los datos o destrucci\u00f3n total de los mismos. El Prestador se reserva el derecho a modificar la presente pol\u00edtica para adaptarla a novedades legislativas o jurisprudenciales.<\/p>\n<!-- \/wp:paragraph -->\n\n<!-- wp:paragraph -->\n<p>El Usuario, para cualquier aspecto relacionado con esta pol\u00edtica de privacidad, puede ponerse en contacto con el Prestador en la direcci\u00f3n de correo electr\u00f3nico: info@rosattirealestate.es.<\/p>\n<!-- \/wp:paragraph -->\n\n<!-- wp:paragraph -->\n<p><strong>Barcelona, 01 de Abril de 2019<\/strong><br><\/p>\n<!-- \/wp:paragraph -->","_et_gb_content_width":"","footnotes":""},"_links":{"self":[{"href":"https:\/\/rosattirealestate.es\/en\/wp-json\/wp\/v2\/pages\/884"}],"collection":[{"href":"https:\/\/rosattirealestate.es\/en\/wp-json\/wp\/v2\/pages"}],"about":[{"href":"https:\/\/rosattirealestate.es\/en\/wp-json\/wp\/v2\/types\/page"}],"author":[{"embeddable":true,"href":"https:\/\/rosattirealestate.es\/en\/wp-json\/wp\/v2\/users\/2"}],"replies":[{"embeddable":true,"href":"https:\/\/rosattirealestate.es\/en\/wp-json\/wp\/v2\/comments?post=884"}],"version-history":[{"count":4,"href":"https:\/\/rosattirealestate.es\/en\/wp-json\/wp\/v2\/pages\/884\/revisions"}],"predecessor-version":[{"id":1185,"href":"https:\/\/rosattirealestate.es\/en\/wp-json\/wp\/v2\/pages\/884\/revisions\/1185"}],"wp:attachment":[{"href":"https:\/\/rosattirealestate.es\/en\/wp-json\/wp\/v2\/media?parent=884"}],"curies":[{"name":"wp","href":"https:\/\/api.w.org\/{rel}","templated":true}]}}